{"id":22,"date":"2015-11-12T15:23:56","date_gmt":"2015-11-12T15:23:56","guid":{"rendered":"http:\/\/www.medianet-group.com\/sialy2\/?page_id=22"},"modified":"2026-03-09T12:00:21","modified_gmt":"2026-03-09T12:00:21","slug":"le-regisseur-du-salon","status":"publish","type":"page","link":"https:\/\/www.sialy.net\/en\/le-regisseur-du-salon\/","title":{"rendered":"The salon manager"},"content":{"rendered":"<p>La Soci\u00e9t\u00e9 REFLEX Sarl Agence de communication inscrite au fichier consulaire de la Chambre de Commerce d\u2019Industrie des Mines et de l\u2019Artisanat du Cameroun sous le N\u00b0:A\/00063778\/CCIMA\/SG\/DR\/C, est sp\u00e9cialis\u00e9e dans :<\/p>\n<ul>\n<li>L\u2019\u00e9v\u00e8nementiel<\/li>\n<li>La R\u00e9gie publicitaire<\/li>\n<li>L\u2019\u00e9dition<\/li>\n<li>Les relations publiques<\/li>\n<li>Le conseil<\/li>\n<\/ul>\n<p class=\"soustitre\"><strong>Les R\u00e9f\u00e9rences :<\/strong><\/p>\n<p>Son \u00e9quipe tr\u00e8s exp\u00e9riment\u00e9e, compos\u00e9e de professionnels de la communication a \u00e9t\u00e9 fortement impliqu\u00e9e dans l\u2019organisation de nombreux \u00e9v\u00e8nements notamment le FEIA (Forum Economique International de l\u2019Afrique), le FENAC (Festival National des Arts et de la Culture) \u00e9dition 2008, la Foire Promo de Tsinga, le Comice Agropastoral de Yaound\u00e9,\u00a0 l\u2019\u00e9dition de l\u2019Annuaire des Transports du Cameroun.<\/p>\n<div id=\"su_slider_69f36f098f696\" class=\"su-slider su-slider-centered su-slider-pages-no su-slider-responsive-yes\" style=\"width:100%\" data-autoplay=\"3000\" data-speed=\"600\" data-mousewheel=\"true\"><div class=\"su-slider-slides\"><div class=\"su-slider-slide\"><a><img decoding=\"async\" src=\"https:\/\/www.sialy.net\/wp-content\/uploads\/2015\/11\/refllex-440x800.jpg\" alt=\"refllex\" \/><\/a><\/div><div class=\"su-slider-slide\"><a><img decoding=\"async\" src=\"https:\/\/www.sialy.net\/wp-content\/uploads\/2019\/02\/IMG_7120-440x800.jpg\" alt=\"IMG_7120\" \/><\/a><\/div><div class=\"su-slider-slide\"><a><img decoding=\"async\" src=\"https:\/\/www.sialy.net\/wp-content\/uploads\/2019\/09\/Sialy-45-1-440x800.jpg\" alt=\"Sialy-45\" \/><\/a><\/div><\/div><div class=\"su-slider-nav\"><div class=\"su-slider-direction\"><span class=\"su-slider-prev\"><\/span><span class=\"su-slider-next\"><\/span><\/div><div class=\"su-slider-pagination\"><\/div><\/div><\/div>","protected":false},"excerpt":{"rendered":"<p>&#8230;<\/p>","protected":false},"author":1,"featured_media":0,"parent":0,"menu_order":0,"comment_status":"closed","ping_status":"closed","template":"","meta":{"_monsterinsights_skip_tracking":false,"_monsterinsights_sitenote_active":false,"_monsterinsights_sitenote_note":"","_monsterinsights_sitenote_category":0,"_themeisle_gutenberg_block_has_review":false,"footnotes":""},"class_list":["post-22","page","type-page","status-publish","hentry"],"aioseo_notices":[],"_links":{"self":[{"href":"https:\/\/www.sialy.net\/en\/wp-json\/wp\/v2\/pages\/22","targetHints":{"allow":["GET"]}}],"collection":[{"href":"https:\/\/www.sialy.net\/en\/wp-json\/wp\/v2\/pages"}],"about":[{"href":"https:\/\/www.sialy.net\/en\/wp-json\/wp\/v2\/types\/page"}],"author":[{"embeddable":true,"href":"https:\/\/www.sialy.net\/en\/wp-json\/wp\/v2\/users\/1"}],"replies":[{"embeddable":true,"href":"https:\/\/www.sialy.net\/en\/wp-json\/wp\/v2\/comments?post=22"}],"version-history":[{"count":39,"href":"https:\/\/www.sialy.net\/en\/wp-json\/wp\/v2\/pages\/22\/revisions"}],"predecessor-version":[{"id":6210,"href":"https:\/\/www.sialy.net\/en\/wp-json\/wp\/v2\/pages\/22\/revisions\/6210"}],"wp:attachment":[{"href":"https:\/\/www.sialy.net\/en\/wp-json\/wp\/v2\/media?parent=22"}],"curies":[{"name":"wp","href":"https:\/\/api.w.org\/{rel}","templated":true}]}}