{"id":51,"date":"2016-03-28T17:11:57","date_gmt":"2016-03-28T17:11:57","guid":{"rendered":"http:\/\/www.medianet-group.com\/sialy2\/?page_id=51"},"modified":"2026-03-09T12:04:04","modified_gmt":"2026-03-09T12:04:04","slug":"objectifs","status":"publish","type":"page","link":"https:\/\/www.sialy.net\/en\/objectifs\/","title":{"rendered":"Les objectifs du salon"},"content":{"rendered":"<h3 style=\"text-align: justify;\">Vendre le label Cameroun<strong>\u00a0<\/strong>:<\/h3>\n<p style=\"text-align: justify;\">il s\u2019agit ici de promouvoir les inventions et le savoir-faire camerounais dans le domaine de l\u2019agriculture et de l\u2019agroalimentaire et dans divers autres domaines. C\u2019est aussi le lieu de pr\u00e9senter aux yeux du monde, la culture camerounaise, source potentielle de devises\u00a0;<\/p>\n<ul>\n<li style=\"text-align: justify;\">Offrir des opportunit\u00e9s d\u2019affaires entre les investisseurs et les porteurs de projets agricoles et de transformation des produits agricoles ;<\/li>\n<li style=\"text-align: justify;\">R\u00e9v\u00e9ler au grand public les nouveaut\u00e9s camerounaises et internationales du secteur de l\u2019agriculture et de l\u2019agroalimentaire ;<\/li>\n<li style=\"text-align: justify;\">Cr\u00e9er une tribune de promotion et de sensibilisation des populations dans le cadre de l\u2019agriculture de seconde g\u00e9n\u00e9ration;<\/li>\n<li style=\"text-align: justify;\">Informer sur les normes et l\u2019emballage et l\u2019\u00e9tiquetage;<\/li>\n<li style=\"text-align: justify;\">Cr\u00e9er de nouveaux march\u00e9s au b\u00e9n\u00e9fice de PME et PMI Cameroun\u00a0;<\/li>\n<li style=\"text-align: justify;\">Attirer des investisseurs de divers bords et contribuer \u00e0 lever des fonds pour des projets bancables .<\/li>\n<\/ul>\n<p><a href=\"http:\/\/www.sialy.net\/wp-content\/uploads\/2016\/03\/DSC_0574.jpg\"><img fetchpriority=\"high\" decoding=\"async\" class=\"aligncenter wp-image-2173\" src=\"http:\/\/www.sialy.net\/wp-content\/uploads\/2016\/03\/DSC_0574.jpg\" alt=\"DSC_0574\" width=\"701\" height=\"450\" \/><\/a><\/p>\n<p><a href=\"http:\/\/www.sialy.net\/wp-content\/uploads\/2016\/03\/Sialy-192.jpg\"><img decoding=\"async\" class=\"wp-image-2174 aligncenter\" src=\"http:\/\/www.sialy.net\/wp-content\/uploads\/2016\/03\/Sialy-192.jpg\" alt=\"Sialy-192\" width=\"700\" height=\"378\" \/><\/a><\/p>","protected":false},"excerpt":{"rendered":"<h3 style=\"text-align: justify;\">Vendre le label Cameroun<strong>\u00a0<\/strong>:<\/h3>\n<p style=\"text-align: justify;\">il s\u2019agit ici de promouvoir les inventions et le savoir-faire camerounais dans le domaine de l\u2019agriculture et de l\u2019agroalimentaire et d&#8230;<\/p>","protected":false},"author":1,"featured_media":0,"parent":0,"menu_order":0,"comment_status":"closed","ping_status":"closed","template":"","meta":{"_monsterinsights_skip_tracking":false,"_monsterinsights_sitenote_active":false,"_monsterinsights_sitenote_note":"","_monsterinsights_sitenote_category":0,"_themeisle_gutenberg_block_has_review":false,"footnotes":""},"class_list":["post-51","page","type-page","status-publish","hentry"],"aioseo_notices":[],"_links":{"self":[{"href":"https:\/\/www.sialy.net\/en\/wp-json\/wp\/v2\/pages\/51","targetHints":{"allow":["GET"]}}],"collection":[{"href":"https:\/\/www.sialy.net\/en\/wp-json\/wp\/v2\/pages"}],"about":[{"href":"https:\/\/www.sialy.net\/en\/wp-json\/wp\/v2\/types\/page"}],"author":[{"embeddable":true,"href":"https:\/\/www.sialy.net\/en\/wp-json\/wp\/v2\/users\/1"}],"replies":[{"embeddable":true,"href":"https:\/\/www.sialy.net\/en\/wp-json\/wp\/v2\/comments?post=51"}],"version-history":[{"count":28,"href":"https:\/\/www.sialy.net\/en\/wp-json\/wp\/v2\/pages\/51\/revisions"}],"predecessor-version":[{"id":6211,"href":"https:\/\/www.sialy.net\/en\/wp-json\/wp\/v2\/pages\/51\/revisions\/6211"}],"wp:attachment":[{"href":"https:\/\/www.sialy.net\/en\/wp-json\/wp\/v2\/media?parent=51"}],"curies":[{"name":"wp","href":"https:\/\/api.w.org\/{rel}","templated":true}]}}